{"id":245,"date":"2020-11-12T08:27:31","date_gmt":"2020-11-12T08:27:31","guid":{"rendered":"https:\/\/riri-et-gnapin.fr\/?post_type=product&#038;p=245"},"modified":"2025-11-16T20:50:11","modified_gmt":"2025-11-16T20:50:11","slug":"sarouel-elephant-danseuse","status":"publish","type":"product","link":"https:\/\/riri-et-gnapin.fr\/?product=sarouel-elephant-danseuse","title":{"rendered":"sarouel \u00e9l\u00e9phant danseuse"},"content":{"rendered":"<p><img loading=\"lazy\" decoding=\"async\" class=\"alignnone size-medium wp-image-244\" src=\"https:\/\/riri-et-gnapin.fr\/wp-content\/uploads\/2020\/11\/sarouelelephantdanseuse-225x300.jpg\" alt=\"\" width=\"225\" height=\"300\" srcset=\"https:\/\/riri-et-gnapin.fr\/wp-content\/uploads\/2020\/11\/sarouelelephantdanseuse-225x300.jpg 225w, https:\/\/riri-et-gnapin.fr\/wp-content\/uploads\/2020\/11\/sarouelelephantdanseuse-600x800.jpg 600w, https:\/\/riri-et-gnapin.fr\/wp-content\/uploads\/2020\/11\/sarouelelephantdanseuse-768x1024.jpg 768w, https:\/\/riri-et-gnapin.fr\/wp-content\/uploads\/2020\/11\/sarouelelephantdanseuse.jpg 780w\" sizes=\"auto, (max-width: 225px) 100vw, 225px\" \/><\/p>\n<p>&nbsp;<\/p>\n<p>Sarouel \u00e9volutif en tissu sweat doubl\u00e9 polaire, chaud et tr\u00e8s agr\u00e9able \u00e0 porter pour la saison froide. La taille et les chevilles sont en bord c\u00f4te, tr\u00e8s confortable et extensible que vous plierez et d\u00e9plierez pour vous adapter \u00e0 la taille de l&rsquo;enfant lors de sa croissance.<\/p>\n<p>Chaque taille est \u00e9volutive : par exemple le \u00ab\u00a003 mois\u00a0\u00bb ira parfaitement de 1 \u00e0 5 mois; le \u00ab\u00a006 mois\u00a0\u00bb s&rsquo;adaptera de 5 \u00e0 9 mois; le \u00ab\u00a012 mois\u00a0\u00bb de 9 \u00e0 16 mois et le \u00ab\u00a018 mois\u00a0\u00bb de 17 \u00e0 23 mois environ.<\/p>\n<p>Les autres tailles (24\/36 mois, 3\/4 ans etc &#8230;) sont explicites et durent en effet facilement 2 ans !<\/p>\n","protected":false},"excerpt":{"rendered":"<p><img loading=\"lazy\" decoding=\"async\" class=\"alignnone size-medium wp-image-244\" src=\"https:\/\/riri-et-gnapin.fr\/wp-content\/uploads\/2020\/11\/sarouelelephantdanseuse-225x300.jpg\" alt=\"\" width=\"225\" height=\"300\" srcset=\"https:\/\/riri-et-gnapin.fr\/wp-content\/uploads\/2020\/11\/sarouelelephantdanseuse-225x300.jpg 225w, https:\/\/riri-et-gnapin.fr\/wp-content\/uploads\/2020\/11\/sarouelelephantdanseuse-600x800.jpg 600w, https:\/\/riri-et-gnapin.fr\/wp-content\/uploads\/2020\/11\/sarouelelephantdanseuse-768x1024.jpg 768w, https:\/\/riri-et-gnapin.fr\/wp-content\/uploads\/2020\/11\/sarouelelephantdanseuse.jpg 780w\" sizes=\"auto, (max-width: 225px) 100vw, 225px\" \/><\/p>\n<p>.<\/p>\n<p>Sarouel \u00e9volutif en tissu sweat doubl\u00e9 polaire<\/p>\n","protected":false},"featured_media":244,"comment_status":"open","ping_status":"closed","template":"","meta":{"_themeisle_gutenberg_block_has_review":false},"product_brand":[],"product_cat":[17],"product_tag":[],"class_list":{"0":"post-245","1":"product","2":"type-product","3":"status-publish","4":"has-post-thumbnail","6":"product_cat-sarouels-enfants","8":"first","9":"instock","10":"shipping-taxable","11":"purchasable","12":"product-type-variable"},"jetpack_sharing_enabled":true,"_links":{"self":[{"href":"https:\/\/riri-et-gnapin.fr\/index.php?rest_route=\/wp\/v2\/product\/245","targetHints":{"allow":["GET"]}}],"collection":[{"href":"https:\/\/riri-et-gnapin.fr\/index.php?rest_route=\/wp\/v2\/product"}],"about":[{"href":"https:\/\/riri-et-gnapin.fr\/index.php?rest_route=\/wp\/v2\/types\/product"}],"replies":[{"embeddable":true,"href":"https:\/\/riri-et-gnapin.fr\/index.php?rest_route=%2Fwp%2Fv2%2Fcomments&post=245"}],"wp:featuredmedia":[{"embeddable":true,"href":"https:\/\/riri-et-gnapin.fr\/index.php?rest_route=\/wp\/v2\/media\/244"}],"wp:attachment":[{"href":"https:\/\/riri-et-gnapin.fr\/index.php?rest_route=%2Fwp%2Fv2%2Fmedia&parent=245"}],"wp:term":[{"taxonomy":"product_brand","embeddable":true,"href":"https:\/\/riri-et-gnapin.fr\/index.php?rest_route=%2Fwp%2Fv2%2Fproduct_brand&post=245"},{"taxonomy":"product_cat","embeddable":true,"href":"https:\/\/riri-et-gnapin.fr\/index.php?rest_route=%2Fwp%2Fv2%2Fproduct_cat&post=245"},{"taxonomy":"product_tag","embeddable":true,"href":"https:\/\/riri-et-gnapin.fr\/index.php?rest_route=%2Fwp%2Fv2%2Fproduct_tag&post=245"}],"curies":[{"name":"wp","href":"https:\/\/api.w.org\/{rel}","templated":true}]}}