{"id":333,"date":"2020-11-15T17:12:11","date_gmt":"2020-11-15T17:12:11","guid":{"rendered":"https:\/\/riri-et-gnapin.fr\/?post_type=product&#038;p=333"},"modified":"2024-07-02T09:14:41","modified_gmt":"2024-07-02T09:14:41","slug":"carte-cadeau-3h-de-couture","status":"publish","type":"product","link":"https:\/\/riri-et-gnapin.fr\/?product=carte-cadeau-3h-de-couture","title":{"rendered":"Carte cadeau 3h de couture"},"content":{"rendered":"<p><img loading=\"lazy\" decoding=\"async\" class=\"alignnone size-full wp-image-10\" src=\"https:\/\/riri-et-gnapin.fr\/wp-content\/uploads\/2020\/03\/icone-facebook.jpg\" alt=\"\" width=\"170\" height=\"170\" srcset=\"https:\/\/riri-et-gnapin.fr\/wp-content\/uploads\/2020\/03\/icone-facebook.jpg 170w, https:\/\/riri-et-gnapin.fr\/wp-content\/uploads\/2020\/03\/icone-facebook-100x100.jpg 100w, https:\/\/riri-et-gnapin.fr\/wp-content\/uploads\/2020\/03\/icone-facebook-150x150.jpg 150w\" sizes=\"auto, (max-width: 170px) 100vw, 170px\" \/><\/p>\n<p>Carte cadeau pour 3 h de cours de couture \/ patronage \u00e0 l&rsquo;atelier Riri et Gnapin \u00e0 Pecqueuse.<\/p>\n<p>Machines et petit mat\u00e9riel pr\u00eat\u00e9s.<\/p>\n<p>Tissus et consommables (fermeture \u00e9clairs, rubans &#8230;) \u00e0 apporter ou acheter sur place \u00e0 l&rsquo;espace mercerie.<\/p>\n<p>La carte cadeau sera personnalis\u00e9e au nom de la personne \u00e0 qui elle est destin\u00e9e. Lors de la validation de la commande, ajouter en commentaire le nom de la personne destinataire du cadeau, et l&#8217;email de la personne \u00e0 qui sera envoy\u00e9e la carte cadeau en pdf imprimable.<\/p>\n","protected":false},"excerpt":{"rendered":"<p><img loading=\"lazy\" decoding=\"async\" class=\"alignnone size-full wp-image-10\" src=\"https:\/\/riri-et-gnapin.fr\/wp-content\/uploads\/2020\/03\/icone-facebook.jpg\" alt=\"\" width=\"170\" height=\"170\" srcset=\"https:\/\/riri-et-gnapin.fr\/wp-content\/uploads\/2020\/03\/icone-facebook.jpg 170w, https:\/\/riri-et-gnapin.fr\/wp-content\/uploads\/2020\/03\/icone-facebook-100x100.jpg 100w, https:\/\/riri-et-gnapin.fr\/wp-content\/uploads\/2020\/03\/icone-facebook-150x150.jpg 150w\" sizes=\"auto, (max-width: 170px) 100vw, 170px\" \/><\/p>\n<p>Carte cadeau pour 3 h de cours de couture<\/p>\n","protected":false},"featured_media":10,"comment_status":"open","ping_status":"closed","template":"","meta":{"_themeisle_gutenberg_block_has_review":false},"product_brand":[],"product_cat":[33],"product_tag":[],"class_list":{"0":"post-333","1":"product","2":"type-product","3":"status-publish","4":"has-post-thumbnail","6":"product_cat-cartecadeau","8":"first","9":"instock","10":"virtual","11":"purchasable","12":"product-type-simple"},"jetpack_sharing_enabled":true,"_links":{"self":[{"href":"https:\/\/riri-et-gnapin.fr\/index.php?rest_route=\/wp\/v2\/product\/333","targetHints":{"allow":["GET"]}}],"collection":[{"href":"https:\/\/riri-et-gnapin.fr\/index.php?rest_route=\/wp\/v2\/product"}],"about":[{"href":"https:\/\/riri-et-gnapin.fr\/index.php?rest_route=\/wp\/v2\/types\/product"}],"replies":[{"embeddable":true,"href":"https:\/\/riri-et-gnapin.fr\/index.php?rest_route=%2Fwp%2Fv2%2Fcomments&post=333"}],"wp:featuredmedia":[{"embeddable":true,"href":"https:\/\/riri-et-gnapin.fr\/index.php?rest_route=\/wp\/v2\/media\/10"}],"wp:attachment":[{"href":"https:\/\/riri-et-gnapin.fr\/index.php?rest_route=%2Fwp%2Fv2%2Fmedia&parent=333"}],"wp:term":[{"taxonomy":"product_brand","embeddable":true,"href":"https:\/\/riri-et-gnapin.fr\/index.php?rest_route=%2Fwp%2Fv2%2Fproduct_brand&post=333"},{"taxonomy":"product_cat","embeddable":true,"href":"https:\/\/riri-et-gnapin.fr\/index.php?rest_route=%2Fwp%2Fv2%2Fproduct_cat&post=333"},{"taxonomy":"product_tag","embeddable":true,"href":"https:\/\/riri-et-gnapin.fr\/index.php?rest_route=%2Fwp%2Fv2%2Fproduct_tag&post=333"}],"curies":[{"name":"wp","href":"https:\/\/api.w.org\/{rel}","templated":true}]}}